{"id":129,"date":"2020-04-13T21:52:22","date_gmt":"2020-04-13T21:52:22","guid":{"rendered":"http:\/\/www.dataopm.net\/web\/?page_id=129"},"modified":"2020-05-05T23:43:05","modified_gmt":"2020-05-05T23:43:05","slug":"clientes","status":"publish","type":"page","link":"http:\/\/www.dataopm.net\/web\/clientes\/","title":{"rendered":"Clientes"},"content":{"rendered":"\t\t<div data-elementor-type=\"wp-page\" data-elementor-id=\"129\" class=\"elementor elementor-129\">\n\t\t\t\t\t\t<section class=\"elementor-section elementor-top-section elementor-element elementor-element-822ad3f elementor-section-boxed elementor-section-height-default elementor-section-height-default\" data-id=\"822ad3f\" data-element_type=\"section\" data-settings=\"{&quot;background_background&quot;:&quot;gradient&quot;}\">\n\t\t\t\t\t\t<div class=\"elementor-container elementor-column-gap-default\">\n\t\t\t\t\t<div class=\"elementor-column elementor-col-100 elementor-top-column elementor-element elementor-element-9d9e3f2\" data-id=\"9d9e3f2\" data-element_type=\"column\">\n\t\t\t<div class=\"elementor-widget-wrap elementor-element-populated\">\n\t\t\t\t\t\t<div class=\"elementor-element elementor-element-613eeaf elementor-widget elementor-widget-text-editor\" data-id=\"613eeaf\" data-element_type=\"widget\" data-widget_type=\"text-editor.default\">\n\t\t\t\t<div class=\"elementor-widget-container\">\n\t\t\t<style>\/*! elementor - v3.23.0 - 05-08-2024 *\/\n.elementor-widget-text-editor.elementor-drop-cap-view-stacked .elementor-drop-cap{background-color:#69727d;color:#fff}.elementor-widget-text-editor.elementor-drop-cap-view-framed .elementor-drop-cap{color:#69727d;border:3px solid;background-color:transparent}.elementor-widget-text-editor:not(.elementor-drop-cap-view-default) .elementor-drop-cap{margin-top:8px}.elementor-widget-text-editor:not(.elementor-drop-cap-view-default) .elementor-drop-cap-letter{width:1em;height:1em}.elementor-widget-text-editor .elementor-drop-cap{float:left;text-align:center;line-height:1;font-size:50px}.elementor-widget-text-editor .elementor-drop-cap-letter{display:inline-block}<\/style>\t\t\t\t<p>\u00a0<\/p><p><strong>A continuaci\u00f3n se presenta una lista de clientes principales y capacidades de nuestra empresa:<\/strong><\/p><ul><li>Socios investigadores en M\u00e9xico del Bar\u00f3metro de las Am\u00e9ricas \u2013 LAPOP que realiza la Universidad de Vanderbilt 2006, 2008, 2010, 2012, 2014, 2017 y 2019 (<a href=\"http:\/\/www.vanderbilt.edu\/lapop\/\">vanderbilt.edu\/lapop\/<\/a>).<\/li><li>Socios investigadores de la investigaci\u00f3n M\u00e9xico, las Am\u00e9ricas y el Mundo del Centro de Investigaci\u00f3n y Docencia Econ\u00f3micas (CIDE) 2008, 2010, 2012, 2014, 2016 y 2018 (<a href=\"http:\/\/www.mexicoyelmundo.cide.edu\">mexicoyelmundo.cide.edu<\/a>)<\/li><li>Coordinares Generales de la medici\u00f3n del \u00cdndice de Estado de Derecho (ROLI por sus siglas en ingl\u00e9s) realizado por el World Justice Project con muestras independientes de N800 entrevistas en cada una de las 32 entidades federativas \u2013 2017 y 2019.<\/li><li>Investigadores de la Encuesta Nacional Sobre Acciones Voluntarios (ENSAV) para el CEMEFI en 2005 y el CIESC del Tecnol\u00f3gico de Monterrey en el 2012 y 2016.<\/li><li>Responsables de la selecci\u00f3n de los participantes al segundo debate presidencial de las elecciones del 2018 realizado en la ciudad de Tijuana organizado y patrocinado por el INE.<\/li><li>Socios investigadores en M\u00e9xico del Proyecto sobre Etnias y Razas de Latinoam\u00e9rica (PERLA) del Departamento de Sociolog\u00eda de la Universidad de Princeton (<a href=\"http:\/\/perla.princeton.edu\/\">http:\/\/perla.princeton.edu\/<\/a>).<\/li><li>Investigadores de la Encuesta Nacional del Panel Electoral 2012, patrocinada por el CESOP y del panel electoral 2018 patrocinado por Acci\u00f3n ciudadana frente ala Pobreza y el INE.<\/li><li>Investigadores de la encuesta nacional sobre conocimiento de uso de energ\u00edas y horario de verano para FLACSO M\u00e9xico y el Instituto de Ingenier\u00eda de la UNAM 2017.<\/li><li>Encuesta nacional sobre cultura pol\u00edtica y participaci\u00f3n patrocinada por investigadores de El Colegio Mexiquense, 2014.<\/li><li>Socios investigadores de la Encuesta de Calidad de Vida para el Observatorio Ciudadano Jalisco Como vamos 2011, 2012, 2013 y 2014 (<a href=\"http:\/\/www.jaliscocomovamos.org\">jaliscocomovamos.org<\/a>).<\/li><li>Investigadores de la medici\u00f3n de Impacto de Programas de Recuperaci\u00f3n Social de zonas de alta violencia en Tijuana, Ciudad Ju\u00e1rez y Monterrey, con el patrocinio de USAID y la Universidad de Vanderbilt 2012 y 2104.<\/li><li>Miembros del Consejo T\u00e9cnico Asesor, consultores y supervisores de la Encuesta Nacional sobre el sistema de Justicia Penal en M\u00e9xico (ENSIJUP 2012) para SETEC (<a href=\"http:\/\/www.setec.gob.mx\/es\/SETEC\/ENSIJUP2012\">http:\/\/www.setec.gob.mx\/es\/SETEC\/ENSIJUP2012<\/a> )<\/li><li>Encuesta con poblaci\u00f3n penitenciaria para la evaluaci\u00f3n del Nuevo Sistema de Justicia Penal en M\u00e9xico, para la SEGOB en 2013.<\/li><li>Investigadores de la Evaluaci\u00f3n de Avance de la Implementaci\u00f3n del Nuevo Sistema de Justicia Penal en M\u00e9xico, SETEC-SEGOB 2013, 2014 y 2015<\/li><li>Encuesta sobre Bienestar Subjetivo, para investigadores del Instituto de Investigaciones Sociales (IIS) de la UNAM, 2014.<\/li><li>Encuesta con beneficiarios de programas sociales en comunidades rurales del estado de Quer\u00e9taro, para investigadores de la Universidad Aut\u00f3noma de Quer\u00e9taro, junio 2015.<\/li><li>Evaluaci\u00f3n de Desempe\u00f1o de los programas del portafolio Legal de los programas de USAID en M\u00e9xico 2010-2015.<\/li><li>Investigadores del estudio sobre regulaci\u00f3n y corrupci\u00f3n en empresas para el Centro de Estudios Econ\u00f3micos del Sector Privado (CEESP 2013-2014 y 2017) del Consejo Coordinador Empresarial.<\/li><li>Estudio sobre el Impacto de la Violencia en la Cultura Pol\u00edtica de los Mexicanos, auspiciada por el Instituto Federal Electoral y el CIDE, 2014 (<a href=\"http:\/\/biiacs-dspace.cide.edu\/handle\/10089\/17087\">http:\/\/biiacs-dspace.cide.edu\/handle\/10089\/17087<\/a>)<\/li><li>Investigadores del estudio a Fundaciones Empresariales para el CIESC 2013.<\/li><li>Encuesta sobre la evaluaci\u00f3n del Impacto de las Reformas Estructurales en M\u00e9xico, con el patrocinio de la Universidad de Cornell, 2013.<\/li><li>Evaluaci\u00f3n de Impacto del Seguro Popular, para investigadores del CIDE en 2011.<\/li><li>Estudio sobre Cultura del Ahorro de los Mexicanos para la Comisi\u00f3n Nacional del Sistema de Ahorro para el Retiro, 2014.<\/li><li>Encuesta nacional sobre Actitudes Sociales hacia las Autodefensas en M\u00e9xico, para investigadores la Universidad de Duke, 2013.<\/li><li>Estudio sobre cultura pol\u00edtica en municipios ind\u00edgenas en Oaxaca y Puebla, patrocinada por investigadores de la Universidad de Syracuse en 2014.<\/li><li>Investigadores de la primera Encuesta Nacional sobre Capital Humano del CIDAC 2009.<\/li><li>Miembros del consejo t\u00e9cnico asesor de la (desde la Fundaci\u00f3n Este Pa\u00eds) del Instituto Ciudadano sobre estudios de la Inseguridad.<\/li><li>Miembros del consejo t\u00e9cnico asesor de la Encuesta Nacional de Corrupci\u00f3n y Buen Gobierno de Transparencia Mexicana.<\/li><li>Experiencia amplia en encuestas de opini\u00f3n p\u00fablica para la evaluaci\u00f3n del desempe\u00f1o de gobierno y pol\u00edticas p\u00fablicas para gobiernos federal, estatales y municipales.<\/li><li>Hemos coordinado o conducido investigaciones de opini\u00f3n y mercado en los siguientes pa\u00edses latinoamericanos: M\u00e9xico, Guatemala, Honduras, Costa Rica, El Salvador, Nicaragua, Panam\u00e1, Rep\u00fablica Dominicana, Colombia, Venezuela, Per\u00fa, Chile, Brasil y Argentina.<\/li><li>Hemos realizado investigaciones de mercado y trabajo de campo para empresas de investigaci\u00f3n internacional para clientes finales como Abbot, Amway, Avon, Bic, Caterpillar, Cisco, Clinique, Coca Cola, Deutsch Welle, General Electric, Ensure, Heart Foundation, Herbalife, Hershey\u2019s, IBM, INFRA, Frogdesign, Jafra, Groupe Bel, Merryl Linch, Microdyn, Mobil Oil, Nokia, Old Spice, Pfizer, Philips, Prestige y Zebra Technologies entre otros.<\/li><\/ul>\t\t\t\t\t\t<\/div>\n\t\t\t\t<\/div>\n\t\t\t\t\t<\/div>\n\t\t<\/div>\n\t\t\t\t\t<\/div>\n\t\t<\/section>\n\t\t\t\t<\/div>\n\t\t","protected":false},"excerpt":{"rendered":"<p>\u00a0 A continuaci\u00f3n se presenta una lista de clientes principales y capacidades de nuestra empresa: Socios investigadores en M\u00e9xico del Bar\u00f3metro de las Am\u00e9ricas \u2013 LAPOP que realiza la Universidad de Vanderbilt 2006, 2008, 2010, 2012, 2014, 2017 y 2019 (vanderbilt.edu\/lapop\/). Socios investigadores de la investigaci\u00f3n M\u00e9xico, las Am\u00e9ricas y el Mundo del Centro de [&hellip;]<\/p>\n","protected":false},"author":1,"featured_media":0,"parent":0,"menu_order":0,"comment_status":"closed","ping_status":"closed","template":"","meta":{"site-sidebar-layout":"no-sidebar","site-content-layout":"page-builder","ast-site-content-layout":"","site-content-style":"default","site-sidebar-style":"default","ast-global-header-display":"","ast-banner-title-visibility":"","ast-main-header-display":"","ast-hfb-above-header-display":"","ast-hfb-below-header-display":"","ast-hfb-mobile-header-display":"","site-post-title":"disabled","ast-breadcrumbs-content":"","ast-featured-img":"disabled","footer-sml-layout":"","theme-transparent-header-meta":"default","adv-header-id-meta":"","stick-header-meta":"","header-above-stick-meta":"","header-main-stick-meta":"","header-below-stick-meta":"","astra-migrate-meta-layouts":"default","ast-page-background-enabled":"default","ast-page-background-meta":{"desktop":{"background-color":"","background-image":"","background-repeat":"repeat","background-position":"center center","background-size":"auto","background-attachment":"scroll","background-type":"","background-media":"","overlay-type":"","overlay-color":"","overlay-opacity":"","overlay-gradient":""},"tablet":{"background-color":"","background-image":"","background-repeat":"repeat","background-position":"center center","background-size":"auto","background-attachment":"scroll","background-type":"","background-media":"","overlay-type":"","overlay-color":"","overlay-opacity":"","overlay-gradient":""},"mobile":{"background-color":"","background-image":"","background-repeat":"repeat","background-position":"center center","background-size":"auto","background-attachment":"scroll","background-type":"","background-media":"","overlay-type":"","overlay-color":"","overlay-opacity":"","overlay-gradient":""}},"ast-content-background-meta":{"desktop":{"background-color":"var(--ast-global-color-5)","background-image":"","background-repeat":"repeat","background-position":"center center","background-size":"auto","background-attachment":"scroll","background-type":"","background-media":"","overlay-type":"","overlay-color":"","overlay-opacity":"","overlay-gradient":""},"tablet":{"background-color":"var(--ast-global-color-5)","background-image":"","background-repeat":"repeat","background-position":"center center","background-size":"auto","background-attachment":"scroll","background-type":"","background-media":"","overlay-type":"","overlay-color":"","overlay-opacity":"","overlay-gradient":""},"mobile":{"background-color":"var(--ast-global-color-5)","background-image":"","background-repeat":"repeat","background-position":"center center","background-size":"auto","background-attachment":"scroll","background-type":"","background-media":"","overlay-type":"","overlay-color":"","overlay-opacity":"","overlay-gradient":""}},"footnotes":""},"class_list":["post-129","page","type-page","status-publish","hentry"],"_links":{"self":[{"href":"http:\/\/www.dataopm.net\/web\/wp-json\/wp\/v2\/pages\/129"}],"collection":[{"href":"http:\/\/www.dataopm.net\/web\/wp-json\/wp\/v2\/pages"}],"about":[{"href":"http:\/\/www.dataopm.net\/web\/wp-json\/wp\/v2\/types\/page"}],"author":[{"embeddable":true,"href":"http:\/\/www.dataopm.net\/web\/wp-json\/wp\/v2\/users\/1"}],"replies":[{"embeddable":true,"href":"http:\/\/www.dataopm.net\/web\/wp-json\/wp\/v2\/comments?post=129"}],"version-history":[{"count":8,"href":"http:\/\/www.dataopm.net\/web\/wp-json\/wp\/v2\/pages\/129\/revisions"}],"predecessor-version":[{"id":172,"href":"http:\/\/www.dataopm.net\/web\/wp-json\/wp\/v2\/pages\/129\/revisions\/172"}],"wp:attachment":[{"href":"http:\/\/www.dataopm.net\/web\/wp-json\/wp\/v2\/media?parent=129"}],"curies":[{"name":"wp","href":"https:\/\/api.w.org\/{rel}","templated":true}]}}