{"id":33,"date":"2020-04-04T02:04:16","date_gmt":"2020-04-04T02:04:16","guid":{"rendered":"http:\/\/www.dataopm.net\/web\/?page_id=33"},"modified":"2020-05-05T19:55:47","modified_gmt":"2020-05-05T19:55:47","slug":"historia","status":"publish","type":"page","link":"http:\/\/www.dataopm.net\/web\/historia\/","title":{"rendered":"Historia"},"content":{"rendered":"\t\t<div data-elementor-type=\"wp-page\" data-elementor-id=\"33\" class=\"elementor elementor-33\">\n\t\t\t\t\t\t<section class=\"elementor-section elementor-top-section elementor-element elementor-element-7364c699 elementor-section-full_width elementor-section-content-middle elementor-section-height-default elementor-section-height-default\" data-id=\"7364c699\" data-element_type=\"section\" data-settings=\"{&quot;background_background&quot;:&quot;classic&quot;}\">\n\t\t\t\t\t\t\t<div class=\"elementor-background-overlay\"><\/div>\n\t\t\t\t\t\t\t<div class=\"elementor-container elementor-column-gap-no\">\n\t\t\t\t\t<div class=\"elementor-column elementor-col-50 elementor-top-column elementor-element elementor-element-4843ed16\" data-id=\"4843ed16\" data-element_type=\"column\" data-settings=\"{&quot;background_background&quot;:&quot;classic&quot;}\">\n\t\t\t<div class=\"elementor-widget-wrap elementor-element-populated\">\n\t\t\t\t\t<div class=\"elementor-background-overlay\"><\/div>\n\t\t\t\t\t\t<div class=\"elementor-element elementor-element-7cd711cb elementor-absolute elementor-invisible elementor-widget elementor-widget-heading\" data-id=\"7cd711cb\" data-element_type=\"widget\" data-settings=\"{&quot;_animation&quot;:&quot;fadeInLeft&quot;,&quot;_position&quot;:&quot;absolute&quot;}\" data-widget_type=\"heading.default\">\n\t\t\t\t<div class=\"elementor-widget-container\">\n\t\t\t<style>\/*! elementor - v3.23.0 - 05-08-2024 *\/\n.elementor-heading-title{padding:0;margin:0;line-height:1}.elementor-widget-heading .elementor-heading-title[class*=elementor-size-]>a{color:inherit;font-size:inherit;line-height:inherit}.elementor-widget-heading .elementor-heading-title.elementor-size-small{font-size:15px}.elementor-widget-heading .elementor-heading-title.elementor-size-medium{font-size:19px}.elementor-widget-heading .elementor-heading-title.elementor-size-large{font-size:29px}.elementor-widget-heading .elementor-heading-title.elementor-size-xl{font-size:39px}.elementor-widget-heading .elementor-heading-title.elementor-size-xxl{font-size:59px}<\/style><h4 class=\"elementor-heading-title elementor-size-default\">Historia<\/h4>\t\t<\/div>\n\t\t\t\t<\/div>\n\t\t\t\t\t<\/div>\n\t\t<\/div>\n\t\t\t\t<div class=\"elementor-column elementor-col-50 elementor-top-column elementor-element elementor-element-1fb85df6\" data-id=\"1fb85df6\" data-element_type=\"column\">\n\t\t\t<div class=\"elementor-widget-wrap elementor-element-populated\">\n\t\t\t\t\t\t<div class=\"elementor-element elementor-element-45504d7c elementor-widget elementor-widget-text-editor\" data-id=\"45504d7c\" data-element_type=\"widget\" data-widget_type=\"text-editor.default\">\n\t\t\t\t<div class=\"elementor-widget-container\">\n\t\t\t<style>\/*! elementor - v3.23.0 - 05-08-2024 *\/\n.elementor-widget-text-editor.elementor-drop-cap-view-stacked .elementor-drop-cap{background-color:#69727d;color:#fff}.elementor-widget-text-editor.elementor-drop-cap-view-framed .elementor-drop-cap{color:#69727d;border:3px solid;background-color:transparent}.elementor-widget-text-editor:not(.elementor-drop-cap-view-default) .elementor-drop-cap{margin-top:8px}.elementor-widget-text-editor:not(.elementor-drop-cap-view-default) .elementor-drop-cap-letter{width:1em;height:1em}.elementor-widget-text-editor .elementor-drop-cap{float:left;text-align:center;line-height:1;font-size:50px}.elementor-widget-text-editor .elementor-drop-cap-letter{display:inline-block}<\/style>\t\t\t\t<p>Data OPM es una empresa mexicana socialmente responsable, fundada en 2003 que se dedica a la opini\u00f3n p\u00fablica y de mercados.<\/p><p>Nuestra <strong>visi\u00f3n<\/strong> es el generar informaci\u00f3n de calidad para responder a las necesidades de nuestros clientes y contribuir al entendimiento de la realidad social mexicana. Nuestros socios y ejecutivos cuentan con m\u00e1s de 25 a\u00f1os de experiencia en el \u00e1rea de investigaci\u00f3n cualitativa y cuantitativa.<\/p><p>Nuestra <strong>competencia principal<\/strong> es la provisi\u00f3n de investigaci\u00f3n de opini\u00f3n p\u00fablica y mercados con est\u00e1ndares internacionales de calidad.<\/p><p>Contamos con amplia experiencia en proyectos locales, regionales, nacionales e internacionales.\u00a0 En a\u00f1os recientes hemos desarrollado <strong>alianzas estrat\u00e9gicas<\/strong> con firmas internacionales de investigaci\u00f3n (USA, Europa y Latinoam\u00e9rica) para desarrollar transferencias tecnol\u00f3gicas y ampliar la cobertura y alcances de nuestros servicios.<\/p><p><span style=\"font-size: 15px;\">Desde su fundaci\u00f3n Data OPM se ha posicionado como una <\/span><strong style=\"font-size: 15px;\">consultar\u00eda especializada<\/strong><span style=\"font-size: 15px;\"> y preocupada por el an\u00e1lisis de la realidad mexicana; para ello ha elaborado proyectos espec\u00edficos para contribuir al avance de la disciplina y el conocimiento.\u00a0<\/span><\/p><p><span style=\"font-size: 15px;\">Nuestro desempe\u00f1o profesional se rige de acuerdo a los c\u00f3digos de \u00e9tica de la Asociaci\u00f3n Mundial de Investigadores de la Opini\u00f3n P\u00fablica (WAPOR), la Asociaci\u00f3n Americana (AAPOR) y la Sociedad Europea de Investigadores de Mercado y Opini\u00f3n (ESOMAR).<\/span><\/p>\t\t\t\t\t\t<\/div>\n\t\t\t\t<\/div>\n\t\t\t\t\t<\/div>\n\t\t<\/div>\n\t\t\t\t\t<\/div>\n\t\t<\/section>\n\t\t\t\t<\/div>\n\t\t","protected":false},"excerpt":{"rendered":"<p>Historia Data OPM es una empresa mexicana socialmente responsable, fundada en 2003 que se dedica a la opini\u00f3n p\u00fablica y de mercados. Nuestra visi\u00f3n es el generar informaci\u00f3n de calidad para responder a las necesidades de nuestros clientes y contribuir al entendimiento de la realidad social mexicana. Nuestros socios y ejecutivos cuentan con m\u00e1s de [&hellip;]<\/p>\n","protected":false},"author":1,"featured_media":0,"parent":0,"menu_order":1,"comment_status":"closed","ping_status":"closed","template":"","meta":{"site-sidebar-layout":"no-sidebar","site-content-layout":"page-builder","ast-site-content-layout":"","site-content-style":"default","site-sidebar-style":"default","ast-global-header-display":"","ast-banner-title-visibility":"","ast-main-header-display":"","ast-hfb-above-header-display":"","ast-hfb-below-header-display":"","ast-hfb-mobile-header-display":"","site-post-title":"disabled","ast-breadcrumbs-content":"","ast-featured-img":"disabled","footer-sml-layout":"","theme-transparent-header-meta":"default","adv-header-id-meta":"","stick-header-meta":"","header-above-stick-meta":"","header-main-stick-meta":"","header-below-stick-meta":"","astra-migrate-meta-layouts":"default","ast-page-background-enabled":"default","ast-page-background-meta":{"desktop":{"background-color":"","background-image":"","background-repeat":"repeat","background-position":"center center","background-size":"auto","background-attachment":"scroll","background-type":"","background-media":"","overlay-type":"","overlay-color":"","overlay-opacity":"","overlay-gradient":""},"tablet":{"background-color":"","background-image":"","background-repeat":"repeat","background-position":"center center","background-size":"auto","background-attachment":"scroll","background-type":"","background-media":"","overlay-type":"","overlay-color":"","overlay-opacity":"","overlay-gradient":""},"mobile":{"background-color":"","background-image":"","background-repeat":"repeat","background-position":"center center","background-size":"auto","background-attachment":"scroll","background-type":"","background-media":"","overlay-type":"","overlay-color":"","overlay-opacity":"","overlay-gradient":""}},"ast-content-background-meta":{"desktop":{"background-color":"var(--ast-global-color-5)","background-image":"","background-repeat":"repeat","background-position":"center center","background-size":"auto","background-attachment":"scroll","background-type":"","background-media":"","overlay-type":"","overlay-color":"","overlay-opacity":"","overlay-gradient":""},"tablet":{"background-color":"var(--ast-global-color-5)","background-image":"","background-repeat":"repeat","background-position":"center center","background-size":"auto","background-attachment":"scroll","background-type":"","background-media":"","overlay-type":"","overlay-color":"","overlay-opacity":"","overlay-gradient":""},"mobile":{"background-color":"var(--ast-global-color-5)","background-image":"","background-repeat":"repeat","background-position":"center center","background-size":"auto","background-attachment":"scroll","background-type":"","background-media":"","overlay-type":"","overlay-color":"","overlay-opacity":"","overlay-gradient":""}},"footnotes":""},"class_list":["post-33","page","type-page","status-publish","hentry"],"_links":{"self":[{"href":"http:\/\/www.dataopm.net\/web\/wp-json\/wp\/v2\/pages\/33"}],"collection":[{"href":"http:\/\/www.dataopm.net\/web\/wp-json\/wp\/v2\/pages"}],"about":[{"href":"http:\/\/www.dataopm.net\/web\/wp-json\/wp\/v2\/types\/page"}],"author":[{"embeddable":true,"href":"http:\/\/www.dataopm.net\/web\/wp-json\/wp\/v2\/users\/1"}],"replies":[{"embeddable":true,"href":"http:\/\/www.dataopm.net\/web\/wp-json\/wp\/v2\/comments?post=33"}],"version-history":[{"count":10,"href":"http:\/\/www.dataopm.net\/web\/wp-json\/wp\/v2\/pages\/33\/revisions"}],"predecessor-version":[{"id":171,"href":"http:\/\/www.dataopm.net\/web\/wp-json\/wp\/v2\/pages\/33\/revisions\/171"}],"wp:attachment":[{"href":"http:\/\/www.dataopm.net\/web\/wp-json\/wp\/v2\/media?parent=33"}],"curies":[{"name":"wp","href":"https:\/\/api.w.org\/{rel}","templated":true}]}}